{"id":2520,"date":"2023-12-28T11:26:49","date_gmt":"2023-12-28T02:26:49","guid":{"rendered":"https:\/\/oiratlanguage.aa-ken.jp\/wordpress\/?page_id=2520"},"modified":"2024-11-06T18:01:45","modified_gmt":"2024-11-06T09:01:45","slug":"musical-instruments","status":"publish","type":"page","link":"https:\/\/oiratlanguage.aa-ken.jp\/wordpress\/musical-instruments\/","title":{"rendered":"\u25cfTOBSH\u016aR"},"content":{"rendered":"\n<!DOCTYPE html>\n<html lang=\"en\"> \n<head>\n    <meta charset=\"UTF-8\">\n    <meta name=\"viewport\" content=\"width=device-width, initial-scale=1.0\">\n    <style>\n        \/* \u30bf\u30a4\u30c8\u30eb\u30c6\u30ad\u30b9\u30c8\u306e\u30b9\u30bf\u30a4\u30ea\u30f3\u30b0 *\/ \n        .title-container {\n        float: left; \n            background-color: blue;\n            padding: 10px; \/* \u30bf\u30a4\u30c8\u30eb\u30c6\u30ad\u30b9\u30c8\u306e\u5468\u308a\u306b\u4f59\u767d\u3092\u8ffd\u52a0 *\/\n            max-width: 120px; \/* \u30bf\u30a4\u30c8\u30eb\u30c6\u30ad\u30b9\u30c8\u306e\u6700\u5927\u5e45\u3092\u8a2d\u5b9a *\/\n            margin: 0 auto; \/* \u30da\u30fc\u30b8\u4e2d\u592e\u306b\u914d\u7f6e\u3059\u308b\u305f\u3081\u306e\u30de\u30fc\u30b8\u30f3 *\/\n            margin-bottom: 20px; \/* \u30bf\u30a4\u30c8\u30eb\u30c6\u30ad\u30b9\u30c8\u3068\u6b21\u306e\u30b3\u30f3\u30c6\u30f3\u30c4\u306e\u9593\u306b\u30b9\u30da\u30fc\u30b9\u3092\u8ffd\u52a0 *\/\n        }\n        .title-text {\n            writing-mode: vertical-lr;\n\t\tfont-size: 34px;\n     \t          line-height: 1.0;\n            \/* \u30bf\u30a4\u30c8\u30eb\u30c6\u30ad\u30b9\u30c8\u306e\u7e26\u66f8\u304d\u30b9\u30bf\u30a4\u30eb *\/\n            color: white; width: 100px;\n      height: 600px;\/* \u30bf\u30a4\u30c8\u30eb\u30c6\u30ad\u30b9\u30c8\u306e\u6587\u5b57\u8272\u3092\u8a2d\u5b9a *\/\n            font-family: 'Times New Roman', sans-serif; \/* \u30bf\u30a4\u30c8\u30eb\u30c6\u30ad\u30b9\u30c8\u306e\u30d5\u30a9\u30f3\u30c8\u3092\u8a2d\u5b9a *\/\n        }\n    <\/style>\n    <title>Your Title Page<\/title> \n<\/head>\n<body>\n\n    <!-- \u30bf\u30a4\u30c8\u30eb\u30c6\u30ad\u30b9\u30c8\u3092\u542b\u3080\u30b3\u30f3\u30c6\u30ca -->\n    <div class=\"title-container\">\n        <!-- \u30bf\u30a4\u30c8\u30eb\u30c6\u30ad\u30b9\u30c8 -->\n        <div class=\"title-text\">|| \u1820\u1837\u184b\u1820\u1828 \u1828\u1845\u184e\u1844\u1851\u1849\u184e\u1844\u1843\u1837 \u184b\u1848\u182f\u1848\u184e: \u1846\u1845\u1837\u1846\u1851 \u1845\u1828 \u1850\u1846\u184b\u1831\u1847\u1847\u1837(\u1851\u1846\u184f\u184b\u1847\u1837) \u184d\u1848\u184e\u1853\u1845\u184f <\/br >\n|| Oirat Mongolian Tobsh\u016br (Dombra) <\/br >\n <\/div>\n    <\/div>\n<\/body>\n<\/html>\n\n\n\n<div class=\"wp-block-group is-nowrap is-layout-flex wp-container-core-group-is-layout-1 wp-block-group-is-layout-flex\">\n<!DOCTYPE html>\n<html lang=\"en\">\n<head>\n  <meta charset=\"UTF-8\">\n  <meta name=\"viewport\" content=\"width=device-width, initial-scale=1.0\">\n  <style>\n    div.sample {\n      margin: 20px;\n      padding: 10px;\n      border: solid 1px #808080;\n      float: middle;\n background-color: Green; color: white;width: 300px;\n      height: 280px;\/* \u80cc\u666f\u8272\u3092brown\u306b\u5909\u66f4 *\/ \n    } \n    .vert2 {\n      writing-mode: vertical-lr;\n      font-size: 28px; \/* \u9069\u5207\u306a\u30b5\u30a4\u30ba\u306b\u5909\u66f4\u3057\u3066\u304f\u3060\u3055\u3044 *\/\n      line-height: 1.5; \/* \u9069\u5207\u306a\u884c\u306e\u9ad8\u3055\u306b\u5909\u66f4\u3057\u3066\u304f\u3060\u3055\u3044 *\/\n    }\n  <\/style>\n<\/head>\n<body>\n<div class=\"sample vert2\">\n \u184f\u1846\u184a\u184e\u1846\u182f\u184d\u1849\u1837\u1844\u1845(\u1844-\u1848\u182f\u1834\u1844\u1843\u1850\u1849)<br \/>Mongol-k\u00fcrei\n<\/div>\n<\/body>\n<\/html>\n\n\n\n<!DOCTYPE html>\n<html lang=\"en\">\n<head>\n  <meta charset=\"UTF-8\">\n  <meta name=\"viewport\" content=\"width=device-width, initial-scale=1.0\">\n  <style>\n    div.sample {\n      margin: 20px;\n      padding: 10px;\n      border: solid 1px #808080;\n      float: middle;\n background-color: Green; color: white;width: 100px;\n      height: 280px;\/* \u80cc\u666f\u8272\u3092brown\u306b\u5909\u66f4 *\/ \n    } \n    .vert2 {\n      writing-mode: vertical-lr;\n      font-size: 28px; \/* \u9069\u5207\u306a\u30b5\u30a4\u30ba\u306b\u5909\u66f4\u3057\u3066\u304f\u3060\u3055\u3044 *\/\n      line-height: 1.5; \/* \u9069\u5207\u306a\u884c\u306e\u9ad8\u3055\u306b\u5909\u66f4\u3057\u3066\u304f\u3060\u3055\u3044 *\/\n    }\n  <\/style>\n<\/head>\n<body>\n<div class=\"sample vert2\">\n \u1828\u1845\u182f\u184d\u1820(\u184c\u1847-\u1830\u1844\u1828\u1851\u1844\u1828) <br \/> Nilha\n<\/div>\n<\/body>\n<\/html>\n\n\n\n<!DOCTYPE html>\n<html lang=\"en\">\n<head>\n  <meta\ncharset=\"UTF-8\">\n  <meta\nname=\"viewport\" content=\"width=device-width, initial-scale=1.0\"> \n  <style>\n    div.sample {\n      margin: 20px;\n      padding: 10px;\n      border: solid 1px #808080;\n      float: middle;\n background-color: Green; color: white;width: 100px;\n      height: 280px;\/* \u80cc\u666f\u8272\u3092brown\u306b\u5909\u66f4 *\/ \n    } \n    .vert2 {\n      writing-mode: vertical-lr;\n      font-size: 28px; \/* \u9069\u5207\u306a\u30b5\u30a4\u30ba\u306b\u5909\u66f4\u3057\u3066\u304f\u3060\u3055\u3044 *\/\n      line-height: 1.5; \/* \u9069\u5207\u306a\u884c\u306e\u9ad8\u3055\u306b\u5909\u66f4\u3057\u3066\u304f\u3060\u3055\u3044 *\/\n    }\n  <\/style>\n<\/head>\n<body>\n<div class=\"sample vert2\">\n \u184d\u1846\u184b\u1847\u184e\u1830\u1820\u1845\u1837\u1845(\u184d\u1846\u184a\u184e\u1846\u1837) <br \/> Hobug-sairi\n<\/div>\n<\/body>\n<\/html>\n\n\n\n<!DOCTYPE html>\n<html lang=\"en\">\n<head>\n  <meta\ncharset=\"UTF-8\">\n  <meta \nname=\"viewport\" content=\"width=device-width, initial-scale=1.0\"> \n  <style>\n    div.sample {\n      margin: 20px;\n      padding: 10px;\n      border: solid 1px #808080;\n      float: middle;\n background-color: Green; color: white;width: 100px;\n      height: 280px;\/* \u80cc\u666f\u8272\u3092brown\u306b\u5909\u66f4 *\/ \n    } \n    .vert2 {\n      writing-mode: vertical-lr;\n      font-size: 28px; \/* \u9069\u5207\u306a\u30b5\u30a4\u30ba\u306b\u5909\u66f4\u3057\u3066\u304f\u3060\u3055\u3044 *\/\n      line-height: 1.5; \/* \u9069\u5207\u306a\u884c\u306e\u9ad8\u3055\u306b\u5909\u66f4\u3057\u3066\u304f\u3060\u3055\u3044 *\/\n    }\n  <\/style>\n<\/head>\n<body>\n<div class=\"sample vert2\">\n \u1857\u1859\u1820\u1837\u1820\u184f\u1820\u1855\u1845(\u1830\u1820\u200d \u184b\u1847\u1847\u184b\u1820) <br \/> Haramayi\n<\/div>\n<\/body>\n<\/html>\n<\/div>\n\n\n\n<div class=\"wp-block-group is-nowrap is-layout-flex wp-container-core-group-is-layout-3 wp-block-group-is-layout-flex\">\n<figure class=\"wp-block-image size-full is-resized\"><img decoding=\"async\" width=\"599\" height=\"784\" src=\"https:\/\/mltjphdc9eko.i.optimole.com\/w:auto\/h:auto\/q:mauto\/f:best\/https:\/\/oiratlanguage.aa-ken.jp\/wordpress\/wp-content\/uploads\/2024\/01\/doerbvljin-E-oeljeetv-1.jpg\" alt=\"\" class=\"wp-image-3224\" style=\"width:133px;height:173px\"\/><\/figure>\n\n\n\n<figure class=\"wp-block-image size-full is-resized\"><img decoding=\"async\" width=\"247\" height=\"223\" src=\"https:\/\/mltjphdc9eko.i.optimole.com\/w:auto\/h:auto\/q:mauto\/f:best\/https:\/\/oiratlanguage.aa-ken.jp\/wordpress\/wp-content\/uploads\/2024\/01\/puujei-senden.jpg\" alt=\"\" class=\"wp-image-3223\" style=\"width:192px;height:173px\"\/><\/figure>\n\n\n\n<figure class=\"wp-block-image size-full is-resized\"><img decoding=\"async\" width=\"157\" height=\"222\" src=\"https:\/\/mltjphdc9eko.i.optimole.com\/w:auto\/h:auto\/q:mauto\/f:best\/https:\/\/oiratlanguage.aa-ken.jp\/wordpress\/wp-content\/uploads\/2024\/01\/tobshuur-new-e1705379451142.jpg\" alt=\"\" class=\"wp-image-3450\" style=\"width:126px;height:176px\"\/><\/figure>\n\n\n\n<div class=\"wp-block-group is-nowrap is-layout-flex wp-container-core-group-is-layout-2 wp-block-group-is-layout-flex\">\n<figure class=\"wp-block-image size-full is-resized\"><img data-opt-src=\"https:\/\/mltjphdc9eko.i.optimole.com\/w:auto\/h:auto\/q:mauto\/f:best\/https:\/\/oiratlanguage.aa-ken.jp\/wordpress\/wp-content\/uploads\/2024\/01\/sa-buuba.jpg\"  decoding=\"async\" width=\"506\" height=\"453\" src=\"data:image/svg+xml,%3Csvg%20viewBox%3D%220%200%20100%%20100%%22%20width%3D%22100%%22%20height%3D%22100%%22%20xmlns%3D%22http%3A%2F%2Fwww.w3.org%2F2000%2Fsvg%22%3E%3Crect%20width%3D%22100%%22%20height%3D%22100%%22%20fill%3D%22transparent%22%2F%3E%3C%2Fsvg%3E\" alt=\"\" class=\"wp-image-3522\" style=\"width:196px;height:175px\"\/><\/figure>\n<\/div>\n<\/div>\n\n\n\n<p><\/p>\n\n\n\n<div class=\"wp-block-buttons is-layout-flex wp-block-buttons-is-layout-flex\">\n<div class=\"wp-block-button is-style-outline is-style-outline--78155a66ba86561c86eb4a3fd6457c9e\"><a class=\"wp-block-button__link wp-element-button\" href=\"https:\/\/oiratlanguage.aa-ken.jp\/wordpress\/wp-content\/uploads\/2024\/01\/Mongolhurei-E-olzeetu-tobshuur.mp4\" target=\"_blank\" rel=\"noreferrer noopener\">e-\u00f6lz\u0113t\u00fc-<br>audio<\/a><\/div>\n\n\n\n<div class=\"wp-block-button is-style-outline is-style-outline--b7eb426beb5bc48c06719de64d828420\"><a class=\"wp-block-button__link wp-element-button\" href=\"https:\/\/oiratlanguage.aa-ken.jp\/wordpress\/wp-content\/uploads\/2024\/01\/Pu-seden-tobshuur.mp4\" target=\"_blank\" rel=\"noreferrer noopener\">pu-Senden-<br>audio<\/a><\/div>\n\n\n\n<div class=\"wp-block-button is-style-outline is-style-outline--58960e08819603882e70875e68cdd0ce\"><a class=\"wp-block-button__link wp-element-button\" href=\"https:\/\/oiratlanguage.aa-ken.jp\/wordpress\/wp-content\/uploads\/2024\/01\/AAA-Compressed-with-FlexClip.mp4\" target=\"_blank\" rel=\"noreferrer noopener\">honghor-<br>video<\/a><\/div>\n\n\n\n<div class=\"wp-block-button is-style-outline is-style-outline--997f46e3935dc03d974e07a50f17b149\"><a class=\"wp-block-button__link wp-element-button\" href=\"https:\/\/oiratlanguage.aa-ken.jp\/wordpress\/wp-content\/uploads\/2024\/01\/Tobshuur-Sa-Buuba.mp4\" target=\"_blank\" rel=\"noreferrer noopener\">sa-b\u016bba-<br>audio<\/a><\/div>\n<\/div>\n\n\n\n<p><\/p>\n","protected":false},"excerpt":{"rendered":"<p>Your Title Page || \u1820\u1837\u184b\u1820\u1828 \u1828\u1845\u184e\u1844\u1851\u1849\u184e\u1844\u1843\u1837 \u184b\u1848\u182f\u1848\u184e: \u1846\u1845\u1837\u1846\u1851 \u1845\u1828 \u1850\u1846\u184b\u1831\u1847\u1847\u1837(\u1851\u1846\u184f\u184b\u1847\u1837) \u184d\u1848\u184e\u1853\u1845\u184f || Oirat Mongolian Tobsh\u016br (Dombra) &hellip; <a href=\"https:\/\/oiratlanguage.aa-ken.jp\/wordpress\/musical-instruments\/\" class=\"more-link\"><span class=\"screen-reader-text\">&#8220;\u25cfTOBSH\u016aR&#8221; \u306e<\/span>\u7d9a\u304d\u3092\u8aad\u3080<\/a><\/p>\n","protected":false},"author":1,"featured_media":0,"parent":0,"menu_order":0,"comment_status":"closed","ping_status":"closed","template":"","meta":{"footnotes":""},"class_list":["post-2520","page","type-page","status-publish","hentry"],"_links":{"self":[{"href":"https:\/\/oiratlanguage.aa-ken.jp\/wordpress\/wp-json\/wp\/v2\/pages\/2520"}],"collection":[{"href":"https:\/\/oiratlanguage.aa-ken.jp\/wordpress\/wp-json\/wp\/v2\/pages"}],"about":[{"href":"https:\/\/oiratlanguage.aa-ken.jp\/wordpress\/wp-json\/wp\/v2\/types\/page"}],"author":[{"embeddable":true,"href":"https:\/\/oiratlanguage.aa-ken.jp\/wordpress\/wp-json\/wp\/v2\/users\/1"}],"replies":[{"embeddable":true,"href":"https:\/\/oiratlanguage.aa-ken.jp\/wordpress\/wp-json\/wp\/v2\/comments?post=2520"}],"version-history":[{"count":170,"href":"https:\/\/oiratlanguage.aa-ken.jp\/wordpress\/wp-json\/wp\/v2\/pages\/2520\/revisions"}],"predecessor-version":[{"id":4851,"href":"https:\/\/oiratlanguage.aa-ken.jp\/wordpress\/wp-json\/wp\/v2\/pages\/2520\/revisions\/4851"}],"wp:attachment":[{"href":"https:\/\/oiratlanguage.aa-ken.jp\/wordpress\/wp-json\/wp\/v2\/media?parent=2520"}],"curies":[{"name":"wp","href":"https:\/\/api.w.org\/{rel}","templated":true}]}}